{"id":1029,"date":"2025-10-30T13:35:57","date_gmt":"2025-10-30T12:35:57","guid":{"rendered":"https:\/\/mobilkreis.de\/?page_id=1029"},"modified":"2025-10-30T13:35:57","modified_gmt":"2025-10-30T12:35:57","slug":"publikationen","status":"publish","type":"page","link":"https:\/\/mobilkreis.de\/en\/publikationen\/","title":{"rendered":"Publikationen"},"content":{"rendered":"<div id=\"cs-content\" class=\"cs-content\"><div class=\"x-section e1029-e1 msl-0\"><div class=\"x-row x-container max width e1029-e2 msl-1 msl-2 msl-3\"><div class=\"x-row-inner\"><div class=\"x-col e1029-e3 msl-5\"><div class=\"x-text x-content e1029-e4 msl-6 msl-7\"><p>Hier finden Sie eine &Uuml;bersicht einer Auswahl der Ver&ouml;ffentlichungen einzelner Projekte aus dem MobilKreis Konsortium.<\/p><\/div><hr class=\"x-line e1029-e5 msl-9\"\/><\/div><\/div><\/div><div class=\"x-row x-container max width e1029-e6 msl-1 msl-2 msl-4\"><div class=\"x-row-inner\"><div class=\"x-col e1029-e7 msl-5\"><div class=\"x-acc e1029-e8 msl-a\" id=\"x-acc-e1029-e8\"><div class=\"e1029-e9 x-acc-item\"><button id=\"tab-e1029-e9\" class=\"x-acc-header\" role=\"button\" type=\"button\" aria-expanded=\"false\" aria-controls=\"panel-e1029-e9\" data-x-toggle=\"collapse\" data-x-toggleable=\"e1029-e9\"><span class=\"x-acc-header-content\"><span class=\"x-acc-header-indicator\">&#x25b8;<\/span><span class=\"x-acc-header-text\">Cyclometric<\/span><\/span><\/button><div id=\"panel-e1029-e9\" role=\"tabpanel\" aria-hidden=\"true\" aria-labelledby=\"tab-e1029-e9\" data-x-toggleable=\"e1029-e9\" data-x-toggle-collapse=\"1\" class=\"x-collapsed\"><div class=\"x-acc-content\"><div class=\"x-text x-content e1029-e10 msl-6 msl-8\"><ul>\n \t<li><a href=\"https:\/\/publica.fraunhofer.de\/entities\/publication\/4eff4ca1-28d9-468c-9942-f24add6d5588\/details\">Modellbasierter Ansatz zur Unterst\u00fctzung der nachhaltigen und nutzungsorientierten Fahrzeugkonzeption<\/a> (Werner M.J.; Lanz L.)<\/li>\n \t<li><a href=\"https:\/\/openaccess-api.cms-conferences.org\/articles\/download\/978-1-958651-88-9_31\">The tetrahedron of sustainability design: a three-dimensional framework for the integral discussion and development of circular economy-oriented products<\/a> (Stegm\u00fcller S.; Braun F.)<\/li>\n \t<li><a href=\"https:\/\/www.springerprofessional.de\/lebenszyklusorientierte-entwicklung-von-fahrzeugkomponenten\/26497168\">Lebenszyklusorientierte Entwicklung von Fahrzeugkomponenten<\/a> (Stegm\u00fcller S.; Potinecke T.; Block L.)<\/li>\n \t<li><a href=\"https:\/\/www.researchgate.net\/publication\/394191172_Thinking_and_designing_sustainably_from_the_very_beginning_-_Potentials_and_challenges_of_integrating_LCA_in_early_product_development_and_innovation_processes\">Thinking and designing sustainably from the very beginning \u2013 Potentials and challenges of integrating LCA in early product development and innovation processes<\/a> (Briem A.; Hong S.H.; Leinemann T.; Prenzel T.M.; Wehner D.)<\/li>\n \t<li><a href=\"https:\/\/link.springer.com\/chapter\/10.1007\/978-3-658-39928-3_6\">A Variability Model for Individual Life Cycle Paths in Life Cycle Engineering<\/a> (Block L.; Werner M.; Spindler H.; Schneider B.)<\/li>\n<\/ul><\/div><\/div><\/div><\/div><div class=\"e1029-e11 x-acc-item\"><button id=\"tab-e1029-e11\" class=\"x-acc-header\" role=\"button\" type=\"button\" aria-expanded=\"false\" aria-controls=\"panel-e1029-e11\" data-x-toggle=\"collapse\" data-x-toggleable=\"e1029-e11\"><span class=\"x-acc-header-content\"><span class=\"x-acc-header-indicator\">&#x25b8;<\/span><span class=\"x-acc-header-text\">DAKIMO<\/span><\/span><\/button><div id=\"panel-e1029-e11\" role=\"tabpanel\" aria-hidden=\"true\" aria-labelledby=\"tab-e1029-e11\" data-x-toggleable=\"e1029-e11\" data-x-toggle-collapse=\"1\" class=\"x-collapsed\"><div class=\"x-acc-content\"><div class=\"x-text x-content e1029-e12 msl-6 msl-8\"><ul>\n \t<li><a href=\"https:\/\/www.kamo.one\/kamo-magazin-09-2023\/#kamo-magazin-09-2023\/24\/\">Wie bringen uns K\u00fcnstliche Intelligenz und Daten nahtlos und nachhaltig ans Ziel?<\/a><\/li>\n<\/ul><\/div><\/div><\/div><\/div><div class=\"e1029-e13 x-acc-item\"><button id=\"tab-e1029-e13\" class=\"x-acc-header\" role=\"button\" type=\"button\" aria-expanded=\"false\" aria-controls=\"panel-e1029-e13\" data-x-toggle=\"collapse\" data-x-toggleable=\"e1029-e13\"><span class=\"x-acc-header-content\"><span class=\"x-acc-header-indicator\">&#x25b8;<\/span><span class=\"x-acc-header-text\">DiNaPro<\/span><\/span><\/button><div id=\"panel-e1029-e13\" role=\"tabpanel\" aria-hidden=\"true\" aria-labelledby=\"tab-e1029-e13\" data-x-toggleable=\"e1029-e13\" data-x-toggle-collapse=\"1\" class=\"x-collapsed\"><div class=\"x-acc-content\"><div class=\"x-text x-content e1029-e14 msl-6 msl-8\"><ul>\n \t<li><a href=\"https:\/\/www.mdpi.com\/2071-1050\/15\/24\/16871\/pdf?version=1702628624\">Analysis of Uncertainty Factors in Part-Specific Greenhouse Gas Accounting<\/a> (Weyand A.; Bausch P.; Engel B.; Metternich J.; Weigold M.)<\/li>\n \t<li><a href=\"https:\/\/www.sciencedirect.com\/science\/article\/pii\/S2212827123007175\/pdf?md5=8346d2c9aa8fafb226680c9543369a7e&amp;pid=1-s2.0-S2212827123007175-main.pdf\">Optimized Energy-Flexible Operation Strategies of Air Conditioning Systems in Production Environments<\/a> (Wendt J.; Zangenberg J.; Weigold M.)<\/li>\n \t<li><a href=\"https:\/\/www.mmscience.eu\/journal\/issues\/november-2023\/articles\/quality-monitoring-for-drilling-based-on-internal-data-of-machine-tool\/download\">Quality monitoring for drilling based on internal data of machine tool<\/a> (He F.; Weigold M.)<\/li>\n \t<li><a href=\"https:\/\/www.degruyter.com\/document\/doi\/10.1515\/zwf-2023-1084\/pdf\">Wertstrommanagement im Zeitalter dynamischer Produktionssysteme<\/a> (Frick N.; Reintke M.; Metternich J.)<\/li>\n \t<li><a href=\"https:\/\/www.cambridge.org\/core\/services\/aop-cambridge-core\/content\/view\/6F0BFE82DD7EA914FC78354FB0412854\/S2732527X23002961a.pdf\/product_life_cycle_management_with_digital_twins_for_product_generation_development.pdf\">Product Life Cycle Management with Digital Twins for Product Generation Development<\/a> (Arnemann L.; Winter S.; Quernheim N.; Schleich B.)<\/li>\n \t<li><a href=\"https:\/\/www.cambridge.org\/core\/services\/aop-cambridge-core\/content\/view\/AEE5341E5B2BD0047597E0B9C478581B\/S2732527X2300264Xa.pdf\/div-class-title-method-for-the-integration-of-computer-aided-manufacturing-data-in-life-cycle-assessment-div.pdf\">Method for the Integration of Computer Aided Manufacturing Data in Life Cycle Assessment<\/a> (Quernheim N.; Winter S.; Arnemann L.; Schleich B.)<\/li>\n \t<li><a href=\"https:\/\/www.cambridge.org\/core\/services\/aop-cambridge-core\/content\/view\/17B5B1C3CDE5EA6DD7198A7D8C07D6DF\/S2732527X23001943a.pdf\/div-class-title-framework-for-comparison-of-product-carbon-footprints-of-different-manufacturing-scenarios-div.pdf\">Framework for Comparison of Product Carbon Footprints of Different Manufacturing Scenarios<\/a> (Winter S.; Quernheim N.; Arnemann L.; Anderl R.; Schleich B.)<\/li>\n \t<li><a href=\"https:\/\/www.repo.uni-hannover.de\/bitstream\/handle\/123456789\/13540\/Bausch_2023_CPSL-Design_Model_For_Traceability-Supported_Assessment.pdf?sequence=1\">Design Model For Traceability-Supported Assessment Of Product Carbon Footprint<\/a> (Bausch P.; Weyand A.; Weigold M.; Metternich J.)<\/li>\n \t<li><a href=\"https:\/\/www.sciencedirect.com\/science\/article\/pii\/S2212827123000343\/pdf?md5=7dfa72a07e4e3086454747c13eed4337&amp;pid=1-s2.0-S2212827123000343-main.pdf\">Information Model to Return Data of Digital Twins into Product Design<\/a> (Arnemann L.; Winter S.; Quernheim N.; Grieser P.; Anderl R.; Schleich B.)<\/li>\n \t<li><a href=\"https:\/\/www.sciencedirect.com\/science\/article\/pii\/S221282712300077X\/pdf?md5=cf8f8e912a645fbd6debeb70682423d0&amp;pid=1-s2.0-S221282712300077X-main.pdf\">Method Set for an adaptable Sustainability Assessment along the Product Life Cycle<\/a> (Quernheim N.; Winter S.; Arnemann L.; Wolff S.; Anderl R.; Schleich B.)<\/li>\n \t<li><a href=\"https:\/\/www.sciencedirect.com\/science\/article\/pii\/S2212827123001026\/pdf?md5=f7e6afa0ec013bdcd5e53d9e32994662&amp;pid=1-s2.0-S2212827123001026-main.pdf\">Live Estimating the Carbon Footprint of Additively Manufactured Components \u2013 a Case Study<\/a> (Winter S.; Quernheim N.; Arnemann L.; Anderl R.; Schleich B.)<\/li>\n \t<li><a href=\"https:\/\/link.springer.com\/chapter\/10.1007\/978-3-031-28839-5_81\">Concept for the Evaluation and Categorization of Sustainability Assessment Methods and Tools<\/a> (Quernheim N.; Winter S.; Arnemann L.; Wolff S.; Anderl R.; Schleich B.)<\/li>\n \t<li><a href=\"https:\/\/link.springer.com\/chapter\/10.1007\/978-3-031-28839-5_84\">Approach to Reduce the Environmental Impact of a CNC Manufactured Product in the CAD Phase<\/a> (Winter S.; Quernheim N.; Arnemann L.; Anderl R.; Schleich B.)<\/li>\n \t<li><a href=\"https:\/\/link.springer.com\/chapter\/10.1007\/978-3-031-28839-5_83\">Model-Based Method for Low-Effort Part-Specific CO2-Accounting During the Production on Machine Tools Using PLC Data<\/a> (Sarikaya E.; Weyand A.; D\u00fcck D.; Weigold M.)<\/li>\n \t<li><a href=\"https:\/\/www.mdpi.com\/2079-8954\/10\/4\/102\/pdf\">The Digital Value Stream Twin<\/a> (Frick N.; Metternich J.)<\/li>\n \t<li><a href=\"https:\/\/doi.org\/10.37544\/1436-4980-2022-01-02-88\">Datengetriebene Qualit\u00e4ts\u00fcberwachung beim Reiben<\/a> (He F.; Xu W.; Weigold M.)<\/li>\n<\/ul><\/div><\/div><\/div><\/div><div class=\"e1029-e15 x-acc-item\"><button id=\"tab-e1029-e15\" class=\"x-acc-header\" role=\"button\" type=\"button\" aria-expanded=\"false\" aria-controls=\"panel-e1029-e15\" data-x-toggle=\"collapse\" data-x-toggleable=\"e1029-e15\"><span class=\"x-acc-header-content\"><span class=\"x-acc-header-indicator\">&#x25b8;<\/span><span class=\"x-acc-header-text\">DIONA<\/span><\/span><\/button><div id=\"panel-e1029-e15\" role=\"tabpanel\" aria-hidden=\"true\" aria-labelledby=\"tab-e1029-e15\" data-x-toggleable=\"e1029-e15\" data-x-toggle-collapse=\"1\" class=\"x-collapsed\"><div class=\"x-acc-content\"><div class=\"x-text x-content e1029-e16 msl-6 msl-8\"><ul>\n \t<li><a href=\"https:\/\/dl.gi.de\/server\/api\/core\/bitstreams\/972b9e30-41b4-4362-b498-8389a9e67542\/content\">Data Spaces as Enablers for Sustainability<\/a> (Hoppe C.; Schmelzer R.; M\u00f6ller F.; Schoormann T.)<\/li>\n \t<li><a href=\"https:\/\/www.researchgate.net\/profile\/Christoph_Hoppe2\/publication\/379839073_GET_READY_FOR_THE_FUTURE_CAPABILITIES_FOR_A_CIRCULAR_ECONOMY_IN_THE_AUTOMOTIVE_INDUSTRY\/links\/661e3f7d43f8df018d0e664e\/GET-READY-FOR-THE-FUTURE-CAPABILITIES-FOR-A-CIRCULAR-ECONOMY-IN-THE-AUTOMOTIVE-INDUSTRY.pdf\">Get ready for the future: Capabilities for a Circular Economy in the Automotive Industry<\/a> (Hoppe C.; Winkelmann S.; Schoormann T.; M\u00f6ller F.)<\/li>\n \t<li><a href=\"https:\/\/dl.gi.de\/server\/api\/core\/bitstreams\/45943f79-f592-4d4b-ac95-4ac33fa2261a\/content\">Turning Old into New \u2013 The Lange Change to a Circular Economy in the Automotive Industry<\/a> (Winkelmann S.; Schweihoff J.; Jussen I.; M\u00f6ller F.)<\/li>\n \t<li><a href=\"https:\/\/scholarspace.manoa.hawaii.edu\/server\/api\/core\/bitstreams\/66242028-b586-4fd4-9ad6-79dc799d3790\/content\">Data for Sustainable Development in Logistics and Supply Chains \u2013 A Systematic Literature Review<\/a> (Guennoun R.; Winkelmann S.; M\u00f6ller F.)<\/li>\n \t<li><a href=\"https:\/\/link.springer.com\/content\/pdf\/10.1007\/s10257-024-00677-z.pdf\">Back to a resilient future \u2013 Digital technologies for a sustainable supply chain<\/a> (Winkelmann S.; Guennoun R.; M\u00f6ller F.; Schoormann T.; van der Valk H.)<\/li>\n \t<li><a href=\"https:\/\/www.sciencedirect.com\/science\/article\/pii\/S221282712400163X?ref=pdf_download&amp;fr=RR-2&amp;rr=8bab721f9e6a92c6\">Towards a Process Model for Digital Twin Implementation: The Implementation Canvas<\/a> (van der Valk H.; Schmelzer R.; Rose D.; Dinter B.)<\/li>\n \t<li>Governance Mechanisms, and Architectures of Data Ecosystems: Value Creation from Data Products (Duparc E.; van der Valk H.; Guggenberger T.; Schleimer A.M.)<\/li>\n \t<li><a href=\"https:\/\/scholarspace.manoa.hawaii.edu\/server\/api\/core\/bitstreams\/4a5f92f2-8e85-4d17-971c-688de1adbc0d\/content\">Minitrack on Federated Industrial Platform Ecosystems: Technologies, Business Models, and Data-Driven Artifacts<\/a> (Duparc E.; Gro\u00dfe N.; van der Valk H.; G\u00fcrp\u0131nar T.)<\/li>\n \t<li><a href=\"https:\/\/aisel.aisnet.org\/cgi\/viewcontent.cgi?article=1780&amp;context=hicss-56\">Minitrack on Platform Ecosystems in Production and Logistics: Technologies, Business Models, and Data-Driven Artifacts<\/a> (van der Valk H.; Schmidt M.; Duparc E.; Culotta C.)<\/li>\n \t<li>Minitrack on Shared Data Ecosystems (Duparc E.; van der Valk H.; Schleimer A.M.)<\/li>\n \t<li>Sustainable Data Spaces: Digital Ecosystems, Smart Services, and Business Models (van der Valk H.; Schoormann T.; Winkelmann S.)<\/li>\n \t<li>Exploring Differing Perspectives on Sustainability and Corresponding Strategies in German Automotive Companies (Isopp A.; Philipp M.; Weyer J.; Zilt A.)<\/li>\n \t<li><a href=\"https:\/\/ieeexplore.ieee.org\/stamp\/stamp.jsp?arnumber=10407984\">Approach for Classifying the Automatability of Verification and Validation Techniques<\/a> (Langenbach K.; Rabe M.)<\/li>\n \t<li>Towards a Taxonomy for Digital Twins: Paving the way for a Circular Economy (Schmelzer R.; Rose D.; Dinter B.)<\/li>\n \t<li>Sustainability vs Circular Economy \u2013 Looking into the Crystal Ball (Remke L.; Dinter B.)<\/li>\n \t<li>From Lab to Loop - Designing Sustainable Pathways Towards a Circular Economy in the Automotive Industry - A Digital Hub (Remke L.; Philipp M.; Hoppe C.; Koch B.)<\/li>\n \t<li>Sustainable Transition in the automotive industry: Investigating incumbent companies and their circularity efforts (Isopp A.; Philipp M.; Weyer J.; Zilt A.)<\/li>\n \t<li><a href=\"https:\/\/www.asim-gi.org\/publikationen\/asim-sst-tagungsbaende\/detail\/tagungsband-kurzbeitraege-asim-sst-2024-27-symposium-simulationstechnik-muenchen\">Konzeption eines Vorgehensmodells zur Auswahl von Entscheidungsunterst\u00fctzungsmethoden in der Produktion und Logistik<\/a> (Langenbach K.; Rabe M.)<\/li>\n<\/ul><\/div><\/div><\/div><\/div><div class=\"e1029-e17 x-acc-item\"><button id=\"tab-e1029-e17\" class=\"x-acc-header\" role=\"button\" type=\"button\" aria-expanded=\"false\" aria-controls=\"panel-e1029-e17\" data-x-toggle=\"collapse\" data-x-toggleable=\"e1029-e17\"><span class=\"x-acc-header-content\"><span class=\"x-acc-header-indicator\">&#x25b8;<\/span><span class=\"x-acc-header-text\">EcoHub<\/span><\/span><\/button><div id=\"panel-e1029-e17\" role=\"tabpanel\" aria-hidden=\"true\" aria-labelledby=\"tab-e1029-e17\" data-x-toggleable=\"e1029-e17\" data-x-toggle-collapse=\"1\" class=\"x-collapsed\"><div class=\"x-acc-content\"><div class=\"x-text x-content e1029-e18 msl-6 msl-8\"><ul>\n \t<li><a href=\"https:\/\/epub.wupperinst.org\/frontdoor\/deliver\/index\/docId\/8568\/file\/8568_Camargo_Garcia.pdf\">EcoHub: Datenbasierte Nachhaltigkeitsoptimierung<\/a> (Camargo Garcia R.; Koch D.; Tesch R.; Runde M.; Brandt J.; Pr\u00e4ger A.; Schmid S.)<\/li>\n \t<li><a href=\"https:\/\/link.springer.com\/chapter\/10.1007\/978-3-031-18318-8_78\">A Service-Oriented Sustainability Platform\u2014Basic Considerations to Facilitate a Data-Based Sustainability Management System in Manufacturing Companies<\/a> (Koch D.; Waltersmann L.; Sauer A.)<\/li>\n<\/ul><\/div><\/div><\/div><\/div><div class=\"e1029-e23 x-acc-item\"><button id=\"tab-e1029-e23\" class=\"x-acc-header\" role=\"button\" type=\"button\" aria-expanded=\"false\" aria-controls=\"panel-e1029-e23\" data-x-toggle=\"collapse\" data-x-toggleable=\"e1029-e23\"><span class=\"x-acc-header-content\"><span class=\"x-acc-header-indicator\">&#x25b8;<\/span><span class=\"x-acc-header-text\">PlasticBOND<\/span><\/span><\/button><div id=\"panel-e1029-e23\" role=\"tabpanel\" aria-hidden=\"true\" aria-labelledby=\"tab-e1029-e23\" data-x-toggleable=\"e1029-e23\" data-x-toggle-collapse=\"1\" class=\"x-collapsed\"><div class=\"x-acc-content\"><div class=\"x-text x-content e1029-e24 msl-6 msl-8\"><ul>\n \t<li><a href=\"https:\/\/www.researchgate.net\/profile\/Elena-Berg-5\/publication\/390393133_Investigation_of_gel_formation_and_degredation_of_representative_polyolefin_recyclates\/links\/68b31d2fca495d7698315eec\/Investigation-of-gel-formation-and-degredation-of-representative-polyolefin-recyclates.pdf\">Investigation of Gel Formation and Degradation of Representative Polyolefin Recyclates<\/a> (Berg E.; Leuchtenberger L.; Dahlmann R.)<\/li>\n \t<li>Verunreinigungen auf der Spur (Berg E.; Dahlmann R.; Sch\u00f6n M.) <span class=\"\" data-state=\"closed\"><span class=\"ms-1 inline-flex max-w-full items-center relative top-[-0.094rem] animate-[show_150ms_ease-in]\" data-testid=\"webpage-citation-pill\"><a href=\"https:\/\/link.springer.com\/chapter\/10.1007\/978-3-658-45889-8_29?utm_source=chatgpt.com\" target=\"_blank\" rel=\"noopener\" alt=\"https:\/\/link.springer.com\/chapter\/10.1007\/978-3-658-45889-8_29?utm_source=chatgpt.com\" class=\"flex h-4.5 overflow-hidden rounded-xl px-2 text-[9px] font-medium transition-colors duration-150 ease-in-out text-token-text-secondary! bg-[#F4F4F4]! dark:bg-[#303030]!\"><span class=\"relative start-0 bottom-0 flex h-full w-full items-center\"><span class=\"flex h-4 w-full items-center justify-between\"><span class=\"max-w-[15ch] grow truncate overflow-hidden text-center\"><\/span><\/span><\/span><\/a><\/span><\/span><\/li>\n \t<li>Ein Nachweis, der bald von jedem verlangt wird<\/li>\n \t<li>Nachhaltigkeitsziele digital erreichen<\/li>\n \t<li>Plastverarbeiter<\/li>\n<\/ul><\/div><\/div><\/div><\/div><\/div><\/div><\/div><\/div><\/div><\/div>\n","protected":false},"excerpt":{"rendered":"<p>Hier finden Sie eine &Uuml;bersicht einer Auswahl der Ver&ouml;ffentlichungen einzelner Projekte aus dem MobilKreis Konsortium.&#x25b8;Cyclometric Modellbasierter Ansatz zur Unterst\u00fctzung der nachhaltigen und nutzungsorientierten Fahrzeugkonzeption (Werner M.J.; Lanz L.) The tetrahedron &#8230; <\/p>\n<div><a href=\"https:\/\/mobilkreis.de\/en\/publikationen\/\" class=\"more-link\">Read More<\/a><\/div>","protected":false},"author":10,"featured_media":0,"parent":0,"menu_order":0,"comment_status":"closed","ping_status":"closed","template":"","meta":{"inline_featured_image":false,"footnotes":""},"class_list":["post-1029","page","type-page","status-publish","hentry","no-post-thumbnail"],"yoast_head":"<!-- This site is optimized with the Yoast SEO plugin v27.4 - https:\/\/yoast.com\/product\/yoast-seo-wordpress\/ -->\n<title>Publikationen - mobilkreis.de<\/title>\n<meta name=\"robots\" content=\"index, follow, max-snippet:-1, max-image-preview:large, max-video-preview:-1\" \/>\n<link rel=\"canonical\" href=\"https:\/\/mobilkreis.de\/en\/publikationen\/\" \/>\n<meta property=\"og:locale\" content=\"en_US\" \/>\n<meta property=\"og:type\" content=\"article\" \/>\n<meta property=\"og:title\" content=\"Publikationen - mobilkreis.de\" \/>\n<meta property=\"og:description\" content=\"Hier finden Sie eine &Uuml;bersicht einer Auswahl der Ver&ouml;ffentlichungen einzelner Projekte aus dem MobilKreis Konsortium.&#x25b8;Cyclometric Modellbasierter Ansatz zur Unterst\u00fctzung der nachhaltigen und nutzungsorientierten Fahrzeugkonzeption (Werner M.J.; Lanz L.) The tetrahedron ... Read More\" \/>\n<meta property=\"og:url\" content=\"https:\/\/mobilkreis.de\/en\/publikationen\/\" \/>\n<meta property=\"og:site_name\" content=\"mobilkreis.de\" \/>\n<meta property=\"og:image\" content=\"https:\/\/mobilkreis.de\/wp-content\/uploads\/2024\/06\/cropped-android-chrome-512x512-1.png\" \/>\n\t<meta property=\"og:image:width\" content=\"512\" \/>\n\t<meta property=\"og:image:height\" content=\"512\" \/>\n\t<meta property=\"og:image:type\" content=\"image\/png\" \/>\n<meta name=\"twitter:card\" content=\"summary_large_image\" \/>\n<script type=\"application\/ld+json\" class=\"yoast-schema-graph\">{\"@context\":\"https:\\\/\\\/schema.org\",\"@graph\":[{\"@type\":\"WebPage\",\"@id\":\"https:\\\/\\\/mobilkreis.de\\\/publikationen\\\/\",\"url\":\"https:\\\/\\\/mobilkreis.de\\\/publikationen\\\/\",\"name\":\"Publikationen - mobilkreis.de\",\"isPartOf\":{\"@id\":\"https:\\\/\\\/mobilkreis.de\\\/#website\"},\"datePublished\":\"2025-10-30T12:35:57+00:00\",\"breadcrumb\":{\"@id\":\"https:\\\/\\\/mobilkreis.de\\\/publikationen\\\/#breadcrumb\"},\"inLanguage\":\"en-US\",\"potentialAction\":[{\"@type\":\"ReadAction\",\"target\":[\"https:\\\/\\\/mobilkreis.de\\\/publikationen\\\/\"]}]},{\"@type\":\"BreadcrumbList\",\"@id\":\"https:\\\/\\\/mobilkreis.de\\\/publikationen\\\/#breadcrumb\",\"itemListElement\":[{\"@type\":\"ListItem\",\"position\":1,\"name\":\"Startseite\",\"item\":\"https:\\\/\\\/mobilkreis.de\\\/\"},{\"@type\":\"ListItem\",\"position\":2,\"name\":\"Publikationen\"}]},{\"@type\":\"WebSite\",\"@id\":\"https:\\\/\\\/mobilkreis.de\\\/#website\",\"url\":\"https:\\\/\\\/mobilkreis.de\\\/\",\"name\":\"mobilkreis.de\",\"description\":\"\",\"publisher\":{\"@id\":\"https:\\\/\\\/mobilkreis.de\\\/#organization\"},\"potentialAction\":[{\"@type\":\"SearchAction\",\"target\":{\"@type\":\"EntryPoint\",\"urlTemplate\":\"https:\\\/\\\/mobilkreis.de\\\/?s={search_term_string}\"},\"query-input\":{\"@type\":\"PropertyValueSpecification\",\"valueRequired\":true,\"valueName\":\"search_term_string\"}}],\"inLanguage\":\"en-US\"},{\"@type\":\"Organization\",\"@id\":\"https:\\\/\\\/mobilkreis.de\\\/#organization\",\"name\":\"mobilkreis.de\",\"url\":\"https:\\\/\\\/mobilkreis.de\\\/\",\"logo\":{\"@type\":\"ImageObject\",\"inLanguage\":\"en-US\",\"@id\":\"https:\\\/\\\/mobilkreis.de\\\/#\\\/schema\\\/logo\\\/image\\\/\",\"url\":\"https:\\\/\\\/mobilkreis.de\\\/wp-content\\\/uploads\\\/2024\\\/06\\\/cropped-android-chrome-512x512-1.png\",\"contentUrl\":\"https:\\\/\\\/mobilkreis.de\\\/wp-content\\\/uploads\\\/2024\\\/06\\\/cropped-android-chrome-512x512-1.png\",\"width\":512,\"height\":512,\"caption\":\"mobilkreis.de\"},\"image\":{\"@id\":\"https:\\\/\\\/mobilkreis.de\\\/#\\\/schema\\\/logo\\\/image\\\/\"}}]}<\/script>\n<!-- \/ Yoast SEO plugin. -->","yoast_head_json":{"title":"Publikationen - mobilkreis.de","robots":{"index":"index","follow":"follow","max-snippet":"max-snippet:-1","max-image-preview":"max-image-preview:large","max-video-preview":"max-video-preview:-1"},"canonical":"https:\/\/mobilkreis.de\/en\/publikationen\/","og_locale":"en_US","og_type":"article","og_title":"Publikationen - mobilkreis.de","og_description":"Hier finden Sie eine &Uuml;bersicht einer Auswahl der Ver&ouml;ffentlichungen einzelner Projekte aus dem MobilKreis Konsortium.&#x25b8;Cyclometric Modellbasierter Ansatz zur Unterst\u00fctzung der nachhaltigen und nutzungsorientierten Fahrzeugkonzeption (Werner M.J.; Lanz L.) The tetrahedron ... Read More","og_url":"https:\/\/mobilkreis.de\/en\/publikationen\/","og_site_name":"mobilkreis.de","og_image":[{"width":512,"height":512,"url":"https:\/\/mobilkreis.de\/wp-content\/uploads\/2024\/06\/cropped-android-chrome-512x512-1.png","type":"image\/png"}],"twitter_card":"summary_large_image","schema":{"@context":"https:\/\/schema.org","@graph":[{"@type":"WebPage","@id":"https:\/\/mobilkreis.de\/publikationen\/","url":"https:\/\/mobilkreis.de\/publikationen\/","name":"Publikationen - mobilkreis.de","isPartOf":{"@id":"https:\/\/mobilkreis.de\/#website"},"datePublished":"2025-10-30T12:35:57+00:00","breadcrumb":{"@id":"https:\/\/mobilkreis.de\/publikationen\/#breadcrumb"},"inLanguage":"en-US","potentialAction":[{"@type":"ReadAction","target":["https:\/\/mobilkreis.de\/publikationen\/"]}]},{"@type":"BreadcrumbList","@id":"https:\/\/mobilkreis.de\/publikationen\/#breadcrumb","itemListElement":[{"@type":"ListItem","position":1,"name":"Startseite","item":"https:\/\/mobilkreis.de\/"},{"@type":"ListItem","position":2,"name":"Publikationen"}]},{"@type":"WebSite","@id":"https:\/\/mobilkreis.de\/#website","url":"https:\/\/mobilkreis.de\/","name":"mobilkreis.de","description":"","publisher":{"@id":"https:\/\/mobilkreis.de\/#organization"},"potentialAction":[{"@type":"SearchAction","target":{"@type":"EntryPoint","urlTemplate":"https:\/\/mobilkreis.de\/?s={search_term_string}"},"query-input":{"@type":"PropertyValueSpecification","valueRequired":true,"valueName":"search_term_string"}}],"inLanguage":"en-US"},{"@type":"Organization","@id":"https:\/\/mobilkreis.de\/#organization","name":"mobilkreis.de","url":"https:\/\/mobilkreis.de\/","logo":{"@type":"ImageObject","inLanguage":"en-US","@id":"https:\/\/mobilkreis.de\/#\/schema\/logo\/image\/","url":"https:\/\/mobilkreis.de\/wp-content\/uploads\/2024\/06\/cropped-android-chrome-512x512-1.png","contentUrl":"https:\/\/mobilkreis.de\/wp-content\/uploads\/2024\/06\/cropped-android-chrome-512x512-1.png","width":512,"height":512,"caption":"mobilkreis.de"},"image":{"@id":"https:\/\/mobilkreis.de\/#\/schema\/logo\/image\/"}}]}},"_links":{"self":[{"href":"https:\/\/mobilkreis.de\/en\/wp-json\/wp\/v2\/pages\/1029","targetHints":{"allow":["GET"]}}],"collection":[{"href":"https:\/\/mobilkreis.de\/en\/wp-json\/wp\/v2\/pages"}],"about":[{"href":"https:\/\/mobilkreis.de\/en\/wp-json\/wp\/v2\/types\/page"}],"author":[{"embeddable":true,"href":"https:\/\/mobilkreis.de\/en\/wp-json\/wp\/v2\/users\/10"}],"replies":[{"embeddable":true,"href":"https:\/\/mobilkreis.de\/en\/wp-json\/wp\/v2\/comments?post=1029"}],"version-history":[{"count":7,"href":"https:\/\/mobilkreis.de\/en\/wp-json\/wp\/v2\/pages\/1029\/revisions"}],"predecessor-version":[{"id":1373,"href":"https:\/\/mobilkreis.de\/en\/wp-json\/wp\/v2\/pages\/1029\/revisions\/1373"}],"wp:attachment":[{"href":"https:\/\/mobilkreis.de\/en\/wp-json\/wp\/v2\/media?parent=1029"}],"curies":[{"name":"wp","href":"https:\/\/api.w.org\/{rel}","templated":true}]}}