{"id":1067,"date":"2024-09-23T15:47:15","date_gmt":"2024-09-23T13:47:15","guid":{"rendered":"https:\/\/mobilkreis.de\/?page_id=1067"},"modified":"2024-12-16T15:28:38","modified_gmt":"2024-12-16T14:28:38","slug":"workshops","status":"publish","type":"page","link":"https:\/\/mobilkreis.de\/en\/workshops\/","title":{"rendered":"Workshops"},"content":{"rendered":"<div id=\"cs-content\" class=\"cs-content\"><div class=\"x-section e1067-e1 mtn-0 mtn-1 sa_header--section\"><div class=\"x-row x-container max width e1067-e2 mtn-3 mtn-4 mtn-5\"><div class=\"x-row-inner\"><div class=\"x-col e1067-e3 mtn-7 mtn-8\"><div class=\"x-text x-text-headline e1067-e4 mtn-9\"><div class=\"x-text-content\"><div class=\"x-text-content-text\"><h2 class=\"x-text-content-text-primary\">Workshops<\/h2>\n<\/div><\/div><\/div><\/div><\/div><\/div><\/div><div class=\"x-section e1067-e5 mtn-0 mtn-2\"><div class=\"x-row x-container max width e1067-e6 mtn-3 mtn-4 mtn-6\"><div class=\"x-row-inner\"><div class=\"x-col e1067-e7 mtn-8\"><div class=\"x-text x-content e1067-e8 mtn-a\"><p>&nbsp;<\/p>\n<p>Workshops are offered in the cyber-physical laboratories in Chemnitz and Dortmund to support companies in the automotive and mobility sector in developing and designing innovative system solutions and implementing and launching them in the form of prototypes. <br \/>The various workshops are briefly presented below.<\/p>\n<h5>The circular economy made tangible: the basic workshop<strong><br \/><\/strong><\/h5>\n<p>In this workshop, participants with little or no prior knowledge will learn the basics of the circular economy. At the physical component table, the R-strategies and entry options into the circular economy will be discussed. The demonstrator will be used to analyse usage data of a vehicle in order to make statements about the durability of the installed fuel cell. As an outlook, the simulation developed in the DIONA project will be presented, which allows insights into the effects of various circularity parameters and illustrates the possible applications of simulation.<\/p>\n<h5>Value creation in the circular economy: business processes and digital technologies<\/h5>\n<p>This workshop highlights the importance of business processes in the circular economy and shows how they contribute to sustainable value creation. In the first part, the connection between business processes and the circular economy is explained, while in the second part an explorative method for process design is presented and applied in practice. The aim is to provide participants with practical approaches for optimising processes in line with the circular economy.<\/p>\n<h5>Valuable cycles: designing business models for the circular economy<\/h5>\n<p>This workshop teaches the basics of business models and the influence of the circular economy on them. In the first part, the central elements of a business model and their significance for corporate strategy are explained. In addition, circular strategies are described and shown how they can be implemented. In the second part, participants are familiarised with a practice-oriented method for developing innovative business models and apply this directly. The aim is to provide participants with practical approaches for designing sustainable business models.<\/p>\n<p>&nbsp;<\/p><\/div><div class=\"x-form-integration x-form-integration-contact-form-7 e1067-e9 mtn-b\">\n<div class=\"wpcf7 no-js\" id=\"wpcf7-f1008-o1\" lang=\"de-DE\" dir=\"ltr\" data-wpcf7-id=\"1008\">\n<div class=\"screen-reader-response\"><p role=\"status\" aria-live=\"polite\" aria-atomic=\"true\"><\/p> <ul><\/ul><\/div>\n<form action=\"\/en\/wp-json\/wp\/v2\/pages\/1067#wpcf7-f1008-o1\" method=\"post\" class=\"wpcf7-form init\" aria-label=\"Kontaktformular\" novalidate=\"novalidate\" data-status=\"init\" data-trp-original-action=\"\/en\/wp-json\/wp\/v2\/pages\/1067#wpcf7-f1008-o1\">\n<fieldset class=\"hidden-fields-container\"><input type=\"hidden\" name=\"_wpcf7\" value=\"1008\" \/><input type=\"hidden\" name=\"_wpcf7_version\" value=\"6.1.5\" \/><input type=\"hidden\" name=\"_wpcf7_locale\" value=\"de_DE\" \/><input type=\"hidden\" name=\"_wpcf7_unit_tag\" value=\"wpcf7-f1008-o1\" \/><input type=\"hidden\" name=\"_wpcf7_container_post\" value=\"0\" \/><input type=\"hidden\" name=\"_wpcf7_posted_data_hash\" value=\"\" \/><input type=\"hidden\" name=\"_wpcf7_recaptcha_response\" value=\"\" \/>\n<\/fieldset>\n<p><label> <b>First name*<\/b> <span class=\"wpcf7-form-control-wrap\" data-name=\"your-vorname\"><input size=\"40\" maxlength=\"400\" class=\"wpcf7-form-control wpcf7-text wpcf7-validates-as-required\" autocomplete=\"name\" aria-required=\"true\" aria-invalid=\"false\" value=\"\" type=\"text\" name=\"your-vorname\" \/><\/span> <\/label>\n<\/p>\n<p><label> <b>Surname*<\/b> <span class=\"wpcf7-form-control-wrap\" data-name=\"your-nachname\"><input size=\"40\" maxlength=\"400\" class=\"wpcf7-form-control wpcf7-text wpcf7-validates-as-required\" autocomplete=\"name\" aria-required=\"true\" aria-invalid=\"false\" value=\"\" type=\"text\" name=\"your-nachname\" \/><\/span> <\/label>\n<\/p>\n<p><label> <b>E-mail address*<\/b> <span class=\"wpcf7-form-control-wrap\" data-name=\"your-email\"><input size=\"40\" maxlength=\"400\" class=\"wpcf7-form-control wpcf7-email wpcf7-validates-as-required wpcf7-text wpcf7-validates-as-email\" autocomplete=\"email\" aria-required=\"true\" aria-invalid=\"false\" value=\"\" type=\"email\" name=\"your-email\" \/><\/span> <\/label>\n<\/p>\n<p><label> <b>Institute\/Company*<\/b> <span class=\"wpcf7-form-control-wrap\" data-name=\"your-institute\"><input size=\"40\" maxlength=\"400\" class=\"wpcf7-form-control wpcf7-text wpcf7-validates-as-required\" autocomplete=\"institute\" aria-required=\"true\" aria-invalid=\"false\" value=\"\" type=\"text\" name=\"your-institute\" \/><\/span> <\/label>\n<\/p>\n<p><b>Workshop selection* <\/b>\n<\/p>\n<p><span class=\"wpcf7-form-control-wrap\" data-name=\"Workshop-Auswahl\"><span class=\"wpcf7-form-control wpcf7-checkbox wpcf7-validates-as-required\"><span class=\"wpcf7-list-item first last\"><label><input type=\"checkbox\" name=\"Workshop-Auswahl[]\" value=\"Kreislaufwirtschaft greifbar gemacht: Der Grundlagen-Workshop (Dauer: ca. 90 min)\" \/><span class=\"wpcf7-list-item-label\">Kreislaufwirtschaft greifbar gemacht: Der Grundlagen-Workshop (Dauer: ca. 90 min)<\/span><\/label><\/span><\/span><\/span>\n<\/p>\n<p><span class=\"wpcf7-form-control-wrap\" data-name=\"Workshop-Auswahl\"><span class=\"wpcf7-form-control wpcf7-checkbox wpcf7-validates-as-required\"><span class=\"wpcf7-list-item first last\"><label><input type=\"checkbox\" name=\"Workshop-Auswahl[]\" value=\"Wertvolle Kreisl\u00e4ufe: Gesch\u00e4ftsmodelle f\u00fcr die Kreislaufwirtschaft gestalten (Dauer: ca. 90 min)\" \/><span class=\"wpcf7-list-item-label\">Wertvolle Kreisl\u00e4ufe: Gesch\u00e4ftsmodelle f\u00fcr die Kreislaufwirtschaft gestalten (Dauer: ca. 90 min)<\/span><\/label><\/span><\/span><\/span>\n<\/p>\n<p><span class=\"wpcf7-form-control-wrap\" data-name=\"Workshop-Auswahl\"><span class=\"wpcf7-form-control wpcf7-checkbox wpcf7-validates-as-required\"><span class=\"wpcf7-list-item first last\"><label><input type=\"checkbox\" name=\"Workshop-Auswahl[]\" value=\"Wertsch\u00f6pfung in der Kreislaufwirtschaft: Gesch\u00e4ftsprozesse und digitale Technologien (Dauer: ca. 90 min)\" \/><span class=\"wpcf7-list-item-label\">Wertsch\u00f6pfung in der Kreislaufwirtschaft: Gesch\u00e4ftsprozesse und digitale Technologien (Dauer: ca. 90 min)<\/span><\/label><\/span><\/span><\/span>\n<\/p>\n<p><span class=\"wpcf7-form-control-wrap\" data-name=\"Workshop-Auswahl\"><span class=\"wpcf7-form-control wpcf7-checkbox wpcf7-validates-as-required\"><span class=\"wpcf7-list-item first last\"><label><input type=\"checkbox\" name=\"Workshop-Auswahl[]\" value=\"alle Workshops (Dauer: ca. 5h)\" \/><span class=\"wpcf7-list-item-label\">alle Workshops (Dauer: ca. 5h)<\/span><\/label><\/span><\/span><\/span>\n<\/p>\n<p><b>Date selection* <\/b>\n<\/p>\n<p><span class=\"wpcf7-form-control-wrap\" data-name=\"Terminauswahl\"><span class=\"wpcf7-form-control wpcf7-checkbox wpcf7-validates-as-required\"><span class=\"wpcf7-list-item first last\"><label><input type=\"checkbox\" name=\"Terminauswahl[]\" value=\"individuelle Terminvereinbarung\" \/><span class=\"wpcf7-list-item-label\">individuelle Terminvereinbarung<\/span><\/label><\/span><\/span><\/span>\n<\/p>\n<p><b>Note:<\/b> Bei der Wahl eines festen Termins, ist es m\u00f6glich, dass sich die Gruppe der Teilnehmer aus Mitarbeitern unterschiedlicher Unternehmen zusammensetzt. Wenn Sie einen Termin nur f\u00fcr Ihr Unternehmen alleine w\u00fcnschen, w\u00e4hlen Sie bitte die Option \"individuelle Terminvereinbarung\".\n<\/p>\n<p><label> <b>Individual appointment request or comments (optional)<\/b> <span class=\"wpcf7-form-control-wrap\" data-name=\"AnmerkungenWorkshopTermin\"><input size=\"40\" maxlength=\"400\" class=\"wpcf7-form-control wpcf7-text\" autocomplete=\"anmerkungen\" aria-invalid=\"false\" value=\"\" type=\"text\" name=\"AnmerkungenWorkshopTermin\" \/><\/span> <\/label>\n<\/p>\n<p><b>Zeitplan:<\/b> (\u00c4nderungen vorbehalten)\n<\/p>\n<p>12.30-14.00 Uhr: Kreislaufwirtschaft greifbar gemacht: Der Grundlagen-Workshop<br \/>\n14.00-14.15 Uhr: Pause<br \/>\n14.15-15.45 Uhr: Wertvolle Kreisl\u00e4ufe: Gesch\u00e4ftsmodelle f\u00fcr die Kreislaufwirtschaft gestalten<br \/>\n15.45-16.00 Uhr: Pause<br \/>\n16.00-17.30 Uhr: Wertsch\u00f6pfung in der Kreislaufwirtschaft: Gesch\u00e4ftsprozesse und digitale Technologien\n<\/p>\n<p><input class=\"wpcf7-form-control wpcf7-submit has-spinner\" type=\"submit\" value=\"Send\" \/>\n<\/p><input type='hidden' class='wpcf7-pum' value='{\"closepopup\":true,\"closedelay\":2,\"openpopup\":false,\"openpopup_id\":0}' \/><div class=\"wpcf7-response-output\" aria-hidden=\"true\"><\/div>\n<input type=\"hidden\" name=\"trp-form-language\" value=\"en\"\/><\/form>\n<\/div>\n<\/div><div class=\"x-text x-content e1067-e10 mtn-a\"><p>We reserve the right to cancel workshops ten days before the start of the event if there is insufficient demand. If demand is too high, we will contact you with an alternative date.<\/p><\/div><\/div><\/div><\/div><\/div><\/div>","protected":false},"excerpt":{"rendered":"<p>Workshops &nbsp; Um Unternehmen der Automobil- und Mobilit&auml;tsbranche dabei zu unterst&uuml;tzen, innovative Systeml&ouml;sungen zu entwickeln, zu gestalten und durch Prototypen umzusetzen und einzuf&uuml;hren, werden Workshops in den Cyber-Physischen-Laboren in Chemnitz &#8230; <\/p>\n<div><a href=\"https:\/\/mobilkreis.de\/en\/workshops\/\" class=\"more-link\">Read More<\/a><\/div>","protected":false},"author":5,"featured_media":0,"parent":0,"menu_order":0,"comment_status":"closed","ping_status":"closed","template":"template-blank-4.php","meta":{"inline_featured_image":false,"footnotes":""},"class_list":["post-1067","page","type-page","status-publish","hentry","no-post-thumbnail"],"yoast_head":"<!-- This site is optimized with the Yoast SEO plugin v27.4 - https:\/\/yoast.com\/product\/yoast-seo-wordpress\/ -->\n<title>Workshops - mobilkreis.de<\/title>\n<meta name=\"robots\" content=\"index, follow, max-snippet:-1, max-image-preview:large, max-video-preview:-1\" \/>\n<link rel=\"canonical\" href=\"https:\/\/mobilkreis.de\/en\/workshops\/\" \/>\n<meta property=\"og:locale\" content=\"en_US\" \/>\n<meta property=\"og:type\" content=\"article\" \/>\n<meta property=\"og:title\" content=\"Workshops - mobilkreis.de\" \/>\n<meta property=\"og:description\" content=\"Workshops &nbsp; Um Unternehmen der Automobil- und Mobilit&auml;tsbranche dabei zu unterst&uuml;tzen, innovative Systeml&ouml;sungen zu entwickeln, zu gestalten und durch Prototypen umzusetzen und einzuf&uuml;hren, werden Workshops in den Cyber-Physischen-Laboren in Chemnitz ... Read More\" \/>\n<meta property=\"og:url\" content=\"https:\/\/mobilkreis.de\/en\/workshops\/\" \/>\n<meta property=\"og:site_name\" content=\"mobilkreis.de\" \/>\n<meta property=\"article:modified_time\" content=\"2024-12-16T14:28:38+00:00\" \/>\n<meta property=\"og:image\" content=\"https:\/\/mobilkreis.de\/wp-content\/uploads\/2024\/06\/cropped-android-chrome-512x512-1.png\" \/>\n\t<meta property=\"og:image:width\" content=\"512\" \/>\n\t<meta property=\"og:image:height\" content=\"512\" \/>\n\t<meta property=\"og:image:type\" content=\"image\/png\" \/>\n<meta name=\"twitter:card\" content=\"summary_large_image\" \/>\n<meta name=\"twitter:label1\" content=\"Est. reading time\" \/>\n\t<meta name=\"twitter:data1\" content=\"1 minute\" \/>\n<script type=\"application\/ld+json\" class=\"yoast-schema-graph\">{\"@context\":\"https:\\\/\\\/schema.org\",\"@graph\":[{\"@type\":\"WebPage\",\"@id\":\"https:\\\/\\\/mobilkreis.de\\\/workshops\\\/\",\"url\":\"https:\\\/\\\/mobilkreis.de\\\/workshops\\\/\",\"name\":\"Workshops - mobilkreis.de\",\"isPartOf\":{\"@id\":\"https:\\\/\\\/mobilkreis.de\\\/#website\"},\"datePublished\":\"2024-09-23T13:47:15+00:00\",\"dateModified\":\"2024-12-16T14:28:38+00:00\",\"breadcrumb\":{\"@id\":\"https:\\\/\\\/mobilkreis.de\\\/workshops\\\/#breadcrumb\"},\"inLanguage\":\"en-US\",\"potentialAction\":[{\"@type\":\"ReadAction\",\"target\":[\"https:\\\/\\\/mobilkreis.de\\\/workshops\\\/\"]}]},{\"@type\":\"BreadcrumbList\",\"@id\":\"https:\\\/\\\/mobilkreis.de\\\/workshops\\\/#breadcrumb\",\"itemListElement\":[{\"@type\":\"ListItem\",\"position\":1,\"name\":\"Startseite\",\"item\":\"https:\\\/\\\/mobilkreis.de\\\/\"},{\"@type\":\"ListItem\",\"position\":2,\"name\":\"Workshops\"}]},{\"@type\":\"WebSite\",\"@id\":\"https:\\\/\\\/mobilkreis.de\\\/#website\",\"url\":\"https:\\\/\\\/mobilkreis.de\\\/\",\"name\":\"mobilkreis.de\",\"description\":\"\",\"publisher\":{\"@id\":\"https:\\\/\\\/mobilkreis.de\\\/#organization\"},\"potentialAction\":[{\"@type\":\"SearchAction\",\"target\":{\"@type\":\"EntryPoint\",\"urlTemplate\":\"https:\\\/\\\/mobilkreis.de\\\/?s={search_term_string}\"},\"query-input\":{\"@type\":\"PropertyValueSpecification\",\"valueRequired\":true,\"valueName\":\"search_term_string\"}}],\"inLanguage\":\"en-US\"},{\"@type\":\"Organization\",\"@id\":\"https:\\\/\\\/mobilkreis.de\\\/#organization\",\"name\":\"mobilkreis.de\",\"url\":\"https:\\\/\\\/mobilkreis.de\\\/\",\"logo\":{\"@type\":\"ImageObject\",\"inLanguage\":\"en-US\",\"@id\":\"https:\\\/\\\/mobilkreis.de\\\/#\\\/schema\\\/logo\\\/image\\\/\",\"url\":\"https:\\\/\\\/mobilkreis.de\\\/wp-content\\\/uploads\\\/2024\\\/06\\\/cropped-android-chrome-512x512-1.png\",\"contentUrl\":\"https:\\\/\\\/mobilkreis.de\\\/wp-content\\\/uploads\\\/2024\\\/06\\\/cropped-android-chrome-512x512-1.png\",\"width\":512,\"height\":512,\"caption\":\"mobilkreis.de\"},\"image\":{\"@id\":\"https:\\\/\\\/mobilkreis.de\\\/#\\\/schema\\\/logo\\\/image\\\/\"}}]}<\/script>\n<!-- \/ Yoast SEO plugin. -->","yoast_head_json":{"title":"Workshops - mobilkreis.de","robots":{"index":"index","follow":"follow","max-snippet":"max-snippet:-1","max-image-preview":"max-image-preview:large","max-video-preview":"max-video-preview:-1"},"canonical":"https:\/\/mobilkreis.de\/en\/workshops\/","og_locale":"en_US","og_type":"article","og_title":"Workshops - mobilkreis.de","og_description":"Workshops &nbsp; Um Unternehmen der Automobil- und Mobilit&auml;tsbranche dabei zu unterst&uuml;tzen, innovative Systeml&ouml;sungen zu entwickeln, zu gestalten und durch Prototypen umzusetzen und einzuf&uuml;hren, werden Workshops in den Cyber-Physischen-Laboren in Chemnitz ... Read More","og_url":"https:\/\/mobilkreis.de\/en\/workshops\/","og_site_name":"mobilkreis.de","article_modified_time":"2024-12-16T14:28:38+00:00","og_image":[{"width":512,"height":512,"url":"https:\/\/mobilkreis.de\/wp-content\/uploads\/2024\/06\/cropped-android-chrome-512x512-1.png","type":"image\/png"}],"twitter_card":"summary_large_image","twitter_misc":{"Est. reading time":"1 minute"},"schema":{"@context":"https:\/\/schema.org","@graph":[{"@type":"WebPage","@id":"https:\/\/mobilkreis.de\/workshops\/","url":"https:\/\/mobilkreis.de\/workshops\/","name":"Workshops - mobilkreis.de","isPartOf":{"@id":"https:\/\/mobilkreis.de\/#website"},"datePublished":"2024-09-23T13:47:15+00:00","dateModified":"2024-12-16T14:28:38+00:00","breadcrumb":{"@id":"https:\/\/mobilkreis.de\/workshops\/#breadcrumb"},"inLanguage":"en-US","potentialAction":[{"@type":"ReadAction","target":["https:\/\/mobilkreis.de\/workshops\/"]}]},{"@type":"BreadcrumbList","@id":"https:\/\/mobilkreis.de\/workshops\/#breadcrumb","itemListElement":[{"@type":"ListItem","position":1,"name":"Startseite","item":"https:\/\/mobilkreis.de\/"},{"@type":"ListItem","position":2,"name":"Workshops"}]},{"@type":"WebSite","@id":"https:\/\/mobilkreis.de\/#website","url":"https:\/\/mobilkreis.de\/","name":"mobilkreis.de","description":"","publisher":{"@id":"https:\/\/mobilkreis.de\/#organization"},"potentialAction":[{"@type":"SearchAction","target":{"@type":"EntryPoint","urlTemplate":"https:\/\/mobilkreis.de\/?s={search_term_string}"},"query-input":{"@type":"PropertyValueSpecification","valueRequired":true,"valueName":"search_term_string"}}],"inLanguage":"en-US"},{"@type":"Organization","@id":"https:\/\/mobilkreis.de\/#organization","name":"mobilkreis.de","url":"https:\/\/mobilkreis.de\/","logo":{"@type":"ImageObject","inLanguage":"en-US","@id":"https:\/\/mobilkreis.de\/#\/schema\/logo\/image\/","url":"https:\/\/mobilkreis.de\/wp-content\/uploads\/2024\/06\/cropped-android-chrome-512x512-1.png","contentUrl":"https:\/\/mobilkreis.de\/wp-content\/uploads\/2024\/06\/cropped-android-chrome-512x512-1.png","width":512,"height":512,"caption":"mobilkreis.de"},"image":{"@id":"https:\/\/mobilkreis.de\/#\/schema\/logo\/image\/"}}]}},"_links":{"self":[{"href":"https:\/\/mobilkreis.de\/en\/wp-json\/wp\/v2\/pages\/1067","targetHints":{"allow":["GET"]}}],"collection":[{"href":"https:\/\/mobilkreis.de\/en\/wp-json\/wp\/v2\/pages"}],"about":[{"href":"https:\/\/mobilkreis.de\/en\/wp-json\/wp\/v2\/types\/page"}],"author":[{"embeddable":true,"href":"https:\/\/mobilkreis.de\/en\/wp-json\/wp\/v2\/users\/5"}],"replies":[{"embeddable":true,"href":"https:\/\/mobilkreis.de\/en\/wp-json\/wp\/v2\/comments?post=1067"}],"version-history":[{"count":13,"href":"https:\/\/mobilkreis.de\/en\/wp-json\/wp\/v2\/pages\/1067\/revisions"}],"predecessor-version":[{"id":1101,"href":"https:\/\/mobilkreis.de\/en\/wp-json\/wp\/v2\/pages\/1067\/revisions\/1101"}],"wp:attachment":[{"href":"https:\/\/mobilkreis.de\/en\/wp-json\/wp\/v2\/media?parent=1067"}],"curies":[{"name":"wp","href":"https:\/\/api.w.org\/{rel}","templated":true}]}}