{"id":203,"date":"2024-04-25T08:16:10","date_gmt":"2024-04-25T08:16:10","guid":{"rendered":"https:\/\/mobilkreis.de\/?page_id=203"},"modified":"2025-07-10T12:13:01","modified_gmt":"2025-07-10T10:13:01","slug":"impressum","status":"publish","type":"page","link":"https:\/\/mobilkreis.de\/en\/impressum\/","title":{"rendered":"Imprint"},"content":{"rendered":"<div id=\"cs-content\" class=\"cs-content\"><div class=\"x-section e203-e1 m5n-0 sa_header--section\"><div class=\"x-row x-container max width e203-e2 m5n-1 m5n-2 m5n-4 m5n-5\"><div class=\"x-row-inner\"><div class=\"x-col e203-e3 m5n-7 m5n-8\"><div class=\"x-text x-text-headline e203-e4 m5n-9\"><div class=\"x-text-content\"><div class=\"x-text-content-text\"><h2 class=\"x-text-content-text-primary\">Imprint<\/h2>\n<\/div><\/div><\/div><\/div><\/div><\/div><div class=\"x-row x-container max width e203-e5 m5n-1 m5n-3 m5n-4 m5n-6\"><div class=\"x-row-inner\"><div class=\"x-col e203-e6 m5n-8\"><div class=\"x-text x-content e203-e7 m5n-a\"><p>Information according to \u00a7 5 TMG<\/p>\n<p>DIONA<br \/>\nDigital ecosystem for a sustainable circular economy in the automotive industry<\/p>\n<p>responsible according to \u00a7 18 para. 2 of the State Media Treaty (MStV):<\/p>\n<p>Prof. Dr. Boris Otto<br \/>\nDepartment of Industrial Information Management<br \/>\nJoseph-von-Fraunhofer-Stra\u00dfe 2-4<br \/>\n44227 Dortmund<br \/>\ninfo.iim.mb@tu-dortmund.de<\/p>\n<p>Deputy responsibility:<\/p>\n<p>Prof. Dr. Barbara Dinter<br \/>\nUniversity of Technology Chemnitz<br \/>\nFaculty of Economics<br \/>\nProfessorship of Business Informatics \u2013 Business Process and Information Management<br \/>\nD-09126 Chemnitz<br \/>\nTh\u00fcringer Weg 7<\/p>\n<p>Contact<br \/>\nTelephone: +49 176 47569019<br \/>\nE-Mail:\u00a0info@diona-hub.de<\/p>\n<p>Technologies used on the website<\/p>\n<p><a href=\"https:\/\/wordpress.com\/en\/\">WordPress<\/a><\/p>\n<p>Liability for links<\/p>\n<p>Our website contains links to external third-party websites over whose content we have no influence. Therefore, we cannot accept any liability for this third-party content. The respective provider or operator of the pages is always responsible for the content of the linked pages. The linked pages were checked for possible legal violations at the time of linking. Illegal content was not recognizable at the time of linking. However, permanent monitoring of the content of the linked pages is not reasonable without concrete evidence of an infringement. If we become aware of any legal infringements, we will remove such links immediately.<\/p>\n<p><\/p>\n<p><\/p>\n<p><\/p>\n<p><\/p><\/div><\/div><\/div><\/div><\/div><\/div>","protected":false},"excerpt":{"rendered":"<p>Impressum Angaben gem\u00e4\u00df \u00a7 5 TMG DIONA Digitales \u00d6kosystem f\u00fcr eine nachhaltige Kreislaufwirtschaft in der Automobilindustrie verantwortlich gem\u00e4\u00df \u00a7 18 Abs. 2 des Medienstaatsvertrages (MStV): Prof. Dr. Boris Otto Lehrstuhl &#8230; <\/p>\n<div><a href=\"https:\/\/mobilkreis.de\/en\/impressum\/\" class=\"more-link\">Read More<\/a><\/div>","protected":false},"author":1,"featured_media":0,"parent":0,"menu_order":0,"comment_status":"closed","ping_status":"closed","template":"template-blank-4.php","meta":{"inline_featured_image":false,"footnotes":""},"class_list":["post-203","page","type-page","status-publish","hentry","no-post-thumbnail"],"yoast_head":"<!-- This site is optimized with the Yoast SEO plugin v27.3 - https:\/\/yoast.com\/product\/yoast-seo-wordpress\/ -->\n<title>Impressum - mobilkreis.de<\/title>\n<meta name=\"robots\" content=\"index, follow, max-snippet:-1, max-image-preview:large, max-video-preview:-1\" \/>\n<link rel=\"canonical\" href=\"https:\/\/mobilkreis.de\/en\/impressum\/\" \/>\n<meta property=\"og:locale\" content=\"en_US\" \/>\n<meta property=\"og:type\" content=\"article\" \/>\n<meta property=\"og:title\" content=\"Impressum - mobilkreis.de\" \/>\n<meta property=\"og:description\" content=\"Impressum Angaben gem\u00e4\u00df \u00a7 5 TMG DIONA Digitales \u00d6kosystem f\u00fcr eine nachhaltige Kreislaufwirtschaft in der Automobilindustrie verantwortlich gem\u00e4\u00df \u00a7 18 Abs. 2 des Medienstaatsvertrages (MStV): Prof. Dr. Boris Otto Lehrstuhl ... Read More\" \/>\n<meta property=\"og:url\" content=\"https:\/\/mobilkreis.de\/en\/impressum\/\" \/>\n<meta property=\"og:site_name\" content=\"mobilkreis.de\" \/>\n<meta property=\"article:modified_time\" content=\"2025-07-10T10:13:01+00:00\" \/>\n<meta property=\"og:image\" content=\"https:\/\/mobilkreis.de\/wp-content\/uploads\/2024\/06\/cropped-android-chrome-512x512-1.png\" \/>\n\t<meta property=\"og:image:width\" content=\"512\" \/>\n\t<meta property=\"og:image:height\" content=\"512\" \/>\n\t<meta property=\"og:image:type\" content=\"image\/png\" \/>\n<meta name=\"twitter:card\" content=\"summary_large_image\" \/>\n<meta name=\"twitter:label1\" content=\"Est. reading time\" \/>\n\t<meta name=\"twitter:data1\" content=\"1 minute\" \/>\n<script type=\"application\/ld+json\" class=\"yoast-schema-graph\">{\"@context\":\"https:\\\/\\\/schema.org\",\"@graph\":[{\"@type\":\"WebPage\",\"@id\":\"https:\\\/\\\/mobilkreis.de\\\/impressum\\\/\",\"url\":\"https:\\\/\\\/mobilkreis.de\\\/impressum\\\/\",\"name\":\"Impressum - mobilkreis.de\",\"isPartOf\":{\"@id\":\"https:\\\/\\\/mobilkreis.de\\\/#website\"},\"datePublished\":\"2024-04-25T08:16:10+00:00\",\"dateModified\":\"2025-07-10T10:13:01+00:00\",\"breadcrumb\":{\"@id\":\"https:\\\/\\\/mobilkreis.de\\\/impressum\\\/#breadcrumb\"},\"inLanguage\":\"en-US\",\"potentialAction\":[{\"@type\":\"ReadAction\",\"target\":[\"https:\\\/\\\/mobilkreis.de\\\/impressum\\\/\"]}]},{\"@type\":\"BreadcrumbList\",\"@id\":\"https:\\\/\\\/mobilkreis.de\\\/impressum\\\/#breadcrumb\",\"itemListElement\":[{\"@type\":\"ListItem\",\"position\":1,\"name\":\"Startseite\",\"item\":\"https:\\\/\\\/mobilkreis.de\\\/\"},{\"@type\":\"ListItem\",\"position\":2,\"name\":\"Impressum\"}]},{\"@type\":\"WebSite\",\"@id\":\"https:\\\/\\\/mobilkreis.de\\\/#website\",\"url\":\"https:\\\/\\\/mobilkreis.de\\\/\",\"name\":\"mobilkreis.de\",\"description\":\"\",\"publisher\":{\"@id\":\"https:\\\/\\\/mobilkreis.de\\\/#organization\"},\"potentialAction\":[{\"@type\":\"SearchAction\",\"target\":{\"@type\":\"EntryPoint\",\"urlTemplate\":\"https:\\\/\\\/mobilkreis.de\\\/?s={search_term_string}\"},\"query-input\":{\"@type\":\"PropertyValueSpecification\",\"valueRequired\":true,\"valueName\":\"search_term_string\"}}],\"inLanguage\":\"en-US\"},{\"@type\":\"Organization\",\"@id\":\"https:\\\/\\\/mobilkreis.de\\\/#organization\",\"name\":\"mobilkreis.de\",\"url\":\"https:\\\/\\\/mobilkreis.de\\\/\",\"logo\":{\"@type\":\"ImageObject\",\"inLanguage\":\"en-US\",\"@id\":\"https:\\\/\\\/mobilkreis.de\\\/#\\\/schema\\\/logo\\\/image\\\/\",\"url\":\"https:\\\/\\\/mobilkreis.de\\\/wp-content\\\/uploads\\\/2024\\\/06\\\/cropped-android-chrome-512x512-1.png\",\"contentUrl\":\"https:\\\/\\\/mobilkreis.de\\\/wp-content\\\/uploads\\\/2024\\\/06\\\/cropped-android-chrome-512x512-1.png\",\"width\":512,\"height\":512,\"caption\":\"mobilkreis.de\"},\"image\":{\"@id\":\"https:\\\/\\\/mobilkreis.de\\\/#\\\/schema\\\/logo\\\/image\\\/\"}}]}<\/script>\n<!-- \/ Yoast SEO plugin. -->","yoast_head_json":{"title":"Impressum - mobilkreis.de","robots":{"index":"index","follow":"follow","max-snippet":"max-snippet:-1","max-image-preview":"max-image-preview:large","max-video-preview":"max-video-preview:-1"},"canonical":"https:\/\/mobilkreis.de\/en\/impressum\/","og_locale":"en_US","og_type":"article","og_title":"Impressum - mobilkreis.de","og_description":"Impressum Angaben gem\u00e4\u00df \u00a7 5 TMG DIONA Digitales \u00d6kosystem f\u00fcr eine nachhaltige Kreislaufwirtschaft in der Automobilindustrie verantwortlich gem\u00e4\u00df \u00a7 18 Abs. 2 des Medienstaatsvertrages (MStV): Prof. Dr. Boris Otto Lehrstuhl ... Read More","og_url":"https:\/\/mobilkreis.de\/en\/impressum\/","og_site_name":"mobilkreis.de","article_modified_time":"2025-07-10T10:13:01+00:00","og_image":[{"width":512,"height":512,"url":"https:\/\/mobilkreis.de\/wp-content\/uploads\/2024\/06\/cropped-android-chrome-512x512-1.png","type":"image\/png"}],"twitter_card":"summary_large_image","twitter_misc":{"Est. reading time":"1 minute"},"schema":{"@context":"https:\/\/schema.org","@graph":[{"@type":"WebPage","@id":"https:\/\/mobilkreis.de\/impressum\/","url":"https:\/\/mobilkreis.de\/impressum\/","name":"Impressum - mobilkreis.de","isPartOf":{"@id":"https:\/\/mobilkreis.de\/#website"},"datePublished":"2024-04-25T08:16:10+00:00","dateModified":"2025-07-10T10:13:01+00:00","breadcrumb":{"@id":"https:\/\/mobilkreis.de\/impressum\/#breadcrumb"},"inLanguage":"en-US","potentialAction":[{"@type":"ReadAction","target":["https:\/\/mobilkreis.de\/impressum\/"]}]},{"@type":"BreadcrumbList","@id":"https:\/\/mobilkreis.de\/impressum\/#breadcrumb","itemListElement":[{"@type":"ListItem","position":1,"name":"Startseite","item":"https:\/\/mobilkreis.de\/"},{"@type":"ListItem","position":2,"name":"Impressum"}]},{"@type":"WebSite","@id":"https:\/\/mobilkreis.de\/#website","url":"https:\/\/mobilkreis.de\/","name":"mobilkreis.de","description":"","publisher":{"@id":"https:\/\/mobilkreis.de\/#organization"},"potentialAction":[{"@type":"SearchAction","target":{"@type":"EntryPoint","urlTemplate":"https:\/\/mobilkreis.de\/?s={search_term_string}"},"query-input":{"@type":"PropertyValueSpecification","valueRequired":true,"valueName":"search_term_string"}}],"inLanguage":"en-US"},{"@type":"Organization","@id":"https:\/\/mobilkreis.de\/#organization","name":"mobilkreis.de","url":"https:\/\/mobilkreis.de\/","logo":{"@type":"ImageObject","inLanguage":"en-US","@id":"https:\/\/mobilkreis.de\/#\/schema\/logo\/image\/","url":"https:\/\/mobilkreis.de\/wp-content\/uploads\/2024\/06\/cropped-android-chrome-512x512-1.png","contentUrl":"https:\/\/mobilkreis.de\/wp-content\/uploads\/2024\/06\/cropped-android-chrome-512x512-1.png","width":512,"height":512,"caption":"mobilkreis.de"},"image":{"@id":"https:\/\/mobilkreis.de\/#\/schema\/logo\/image\/"}}]}},"_links":{"self":[{"href":"https:\/\/mobilkreis.de\/en\/wp-json\/wp\/v2\/pages\/203","targetHints":{"allow":["GET"]}}],"collection":[{"href":"https:\/\/mobilkreis.de\/en\/wp-json\/wp\/v2\/pages"}],"about":[{"href":"https:\/\/mobilkreis.de\/en\/wp-json\/wp\/v2\/types\/page"}],"author":[{"embeddable":true,"href":"https:\/\/mobilkreis.de\/en\/wp-json\/wp\/v2\/users\/1"}],"replies":[{"embeddable":true,"href":"https:\/\/mobilkreis.de\/en\/wp-json\/wp\/v2\/comments?post=203"}],"version-history":[{"count":6,"href":"https:\/\/mobilkreis.de\/en\/wp-json\/wp\/v2\/pages\/203\/revisions"}],"predecessor-version":[{"id":1199,"href":"https:\/\/mobilkreis.de\/en\/wp-json\/wp\/v2\/pages\/203\/revisions\/1199"}],"wp:attachment":[{"href":"https:\/\/mobilkreis.de\/en\/wp-json\/wp\/v2\/media?parent=203"}],"curies":[{"name":"wp","href":"https:\/\/api.w.org\/{rel}","templated":true}]}}