{"id":89,"date":"2024-04-23T06:32:31","date_gmt":"2024-04-23T06:32:31","guid":{"rendered":"https:\/\/mobilkreis.de\/?page_id=89"},"modified":"2025-10-15T10:45:11","modified_gmt":"2025-10-15T08:45:11","slug":"faq","status":"publish","type":"page","link":"https:\/\/mobilkreis.de\/en\/faq\/","title":{"rendered":"FAQ"},"content":{"rendered":"<div id=\"cs-content\" class=\"cs-content\"><div class=\"x-section e89-e1 m2h-0 m2h-1 sa_header--section\"><div class=\"x-row x-container max width e89-e2 m2h-3 m2h-4 m2h-6 m2h-7\"><div class=\"x-row-inner\"><div class=\"x-col e89-e3 m2h-a m2h-b\"><div class=\"x-text x-text-headline e89-e4 m2h-c\"><div class=\"x-text-content\"><div class=\"x-text-content-text\"><h2 class=\"x-text-content-text-primary\">FAQ<\/h2>\n<\/div><\/div><\/div><\/div><\/div><\/div><div class=\"x-row x-container max width e89-e5 m2h-3 m2h-5 m2h-6 m2h-8\"><div class=\"x-row-inner\"><div class=\"x-col e89-e6 m2h-b\"><div class=\"x-text x-content e89-e7 m2h-d m2h-e\"><p>This page is intended to give you an understanding of some of the terms used in MobilKreis and to clarify frequently asked questions.<\/p><\/div><\/div><\/div><\/div><\/div><div class=\"x-section e89-e8 m2h-0 m2h-2\"><div class=\"x-row x-container max width e89-e9 m2h-3 m2h-4 m2h-6 m2h-9\"><div class=\"x-row-inner\"><div class=\"x-col e89-e10 m2h-b\"><div class=\"x-acc e89-e11 m2h-g\" id=\"x-acc-e89-e11\" data-x-accordion-scroll-follow=\"all\"><div class=\"e89-e12 x-acc-item\"><button id=\"tab-e89-e12\" class=\"x-acc-header\" role=\"button\" type=\"button\" aria-expanded=\"false\" aria-controls=\"panel-e89-e12\" data-x-toggle=\"collapse\" data-x-toggleable=\"e89-e12\" data-x-toggle-group=\"e89-e11\"><span class=\"x-acc-header-content\"><span class=\"x-acc-header-indicator\">&#x25b8;<\/span><span class=\"x-acc-header-text\">What is circular economy?<\/span><\/span><\/button><div id=\"panel-e89-e12\" role=\"tabpanel\" aria-hidden=\"true\" aria-labelledby=\"tab-e89-e12\" data-x-toggleable=\"e89-e12\" data-x-toggle-collapse=\"1\" class=\"x-collapsed\"><div class=\"x-acc-content\"><div class=\"x-text x-content e89-e13 m2h-e m2h-f\"><p>The circular economy is a system in which no waste is created from materials and nature regenerates itself. In a circular economy, products and materials are kept in circulation through processes such as maintenance, reuse, refurbishment, remanufacturing, recycling and composting. The circular economy combats climate change and other global challenges, such as biodiversity loss, waste and pollution, by decoupling economic activity from the consumption of finite resources.<\/p>\n<p>(Ellen MacArthur Foundation, <a href=\"https:\/\/www.ellenmacarthurfoundation.org\/topics\/circular-economy-introduction\/overview\">What is a circular economy? | Ellen MacArthur Foundation<\/a> (last accessed on 31.05.2024)<br \/><br \/><\/p><\/div><\/div><\/div><\/div><div class=\"e89-e14 x-acc-item\"><button id=\"tab-e89-e14\" class=\"x-acc-header\" role=\"button\" type=\"button\" aria-expanded=\"false\" aria-controls=\"panel-e89-e14\" data-x-toggle=\"collapse\" data-x-toggleable=\"e89-e14\" data-x-toggle-group=\"e89-e11\"><span class=\"x-acc-header-content\"><span class=\"x-acc-header-indicator\">&#x25b8;<\/span><span class=\"x-acc-header-text\">How can my company participate in a sustainable circular economy?<\/span><\/span><\/button><div id=\"panel-e89-e14\" role=\"tabpanel\" aria-hidden=\"true\" aria-labelledby=\"tab-e89-e14\" data-x-toggleable=\"e89-e14\" data-x-toggle-collapse=\"1\" class=\"x-collapsed\"><div class=\"x-acc-content\"><div class=\"x-text x-content e89-e15 m2h-e m2h-f\">With our <a href=\"https:\/\/hub.mobilkreis.de\/\">MobilKreis Hub<\/a> haben wir eine Plattform geschaffen, die zum Austausch \u00fcber die Transformation der Kreislaufwirtschaft dient. In dem digitalem \u00d6kosystem k\u00f6nnen Sie themenspezifische Kursangebote finden sowie eine Vielzahl an wissenschaftlichen Ver\u00f6ffentlichung \u00fcber die Kreislaufwirtschaft. Sie k\u00f6nnen uns zudem unter <a href=\"\/en\/kontakt\/\">Contact<\/a> if, for example, you are interested in a workshop on the implementation of sustainable circular economy in companies.<\/div><\/div><\/div><\/div><div class=\"e89-e16 x-acc-item\"><button id=\"tab-e89-e16\" class=\"x-acc-header\" role=\"button\" type=\"button\" aria-expanded=\"false\" aria-controls=\"panel-e89-e16\" data-x-toggle=\"collapse\" data-x-toggleable=\"e89-e16\" data-x-toggle-group=\"e89-e11\"><span class=\"x-acc-header-content\"><span class=\"x-acc-header-indicator\">&#x25b8;<\/span><span class=\"x-acc-header-text\">Who is part of the MobilKreis?<\/span><\/span><\/button><div id=\"panel-e89-e16\" role=\"tabpanel\" aria-hidden=\"true\" aria-labelledby=\"tab-e89-e16\" data-x-toggleable=\"e89-e16\" data-x-toggle-collapse=\"1\" class=\"x-collapsed\"><div class=\"x-acc-content\"><div class=\"x-text x-content e89-e17 m2h-e m2h-f\"><p>The MobilKreis is a project network funded by the Federal Ministry of Education and Research (BMBF). As part of the \"Future of Value Creation - Research on Production, Services and Work\" program, it covers the topic of \"Towards sustainable mobility through circular value creation\".<\/p>\n<p>The project network comprises a total of 13 projects that deal with research into the use of the circular economy in the automotive industry with different scientific focuses. You can find a presentation of the projects in the tab <a href=\"\/en\/projekte\/\">Projects<\/a>.<\/p><\/div><\/div><\/div><\/div><div class=\"e89-e18 x-acc-item\"><button id=\"tab-e89-e18\" class=\"x-acc-header\" role=\"button\" type=\"button\" aria-expanded=\"false\" aria-controls=\"panel-e89-e18\" data-x-toggle=\"collapse\" data-x-toggleable=\"e89-e18\" data-x-toggle-group=\"e89-e11\"><span class=\"x-acc-header-content\"><span class=\"x-acc-header-indicator\">&#x25b8;<\/span><span class=\"x-acc-header-text\">How do you reach the MobilKreis?<\/span><\/span><\/button><div id=\"panel-e89-e18\" role=\"tabpanel\" aria-hidden=\"true\" aria-labelledby=\"tab-e89-e18\" data-x-toggleable=\"e89-e18\" data-x-toggle-collapse=\"1\" class=\"x-collapsed\"><div class=\"x-acc-content\"><div class=\"x-text x-content e89-e19 m2h-e m2h-f\"><p>You can find our contact information under the tab <a href=\"\/en\/kontakt\/\">Contact<\/a>. We are available for any exchange, suggestions and feedback.<\/p><\/div><\/div><\/div><\/div><\/div><\/div><\/div><\/div><\/div><\/div>","protected":false},"excerpt":{"rendered":"<p>FAQ Diese Seite dient dazu, Ihnen einige Begriffe von MobilKreis n&auml;her zu bringen und um h&auml;ufig gestellte Fragen zu kl&auml;ren.&#x25b8;Was ist Kreislaufwirtschaft?Die Kreislaufwirtschaft ist ein System, in dem kein Abfall &#8230; <\/p>\n<div><a href=\"https:\/\/mobilkreis.de\/en\/faq\/\" class=\"more-link\">Read More<\/a><\/div>","protected":false},"author":1,"featured_media":0,"parent":0,"menu_order":0,"comment_status":"closed","ping_status":"closed","template":"template-blank-4.php","meta":{"inline_featured_image":false,"footnotes":""},"class_list":["post-89","page","type-page","status-publish","hentry","no-post-thumbnail"],"yoast_head":"<!-- This site is optimized with the Yoast SEO plugin v27.3 - https:\/\/yoast.com\/product\/yoast-seo-wordpress\/ -->\n<title>FAQ - mobilkreis.de<\/title>\n<meta name=\"robots\" content=\"index, follow, max-snippet:-1, max-image-preview:large, max-video-preview:-1\" \/>\n<link rel=\"canonical\" href=\"https:\/\/mobilkreis.de\/en\/faq\/\" \/>\n<meta property=\"og:locale\" content=\"en_US\" \/>\n<meta property=\"og:type\" content=\"article\" \/>\n<meta property=\"og:title\" content=\"FAQ - mobilkreis.de\" \/>\n<meta property=\"og:description\" content=\"FAQ Diese Seite dient dazu, Ihnen einige Begriffe von MobilKreis n&auml;her zu bringen und um h&auml;ufig gestellte Fragen zu kl&auml;ren.&#x25b8;Was ist Kreislaufwirtschaft?Die Kreislaufwirtschaft ist ein System, in dem kein Abfall ... Read More\" \/>\n<meta property=\"og:url\" content=\"https:\/\/mobilkreis.de\/en\/faq\/\" \/>\n<meta property=\"og:site_name\" content=\"mobilkreis.de\" \/>\n<meta property=\"article:modified_time\" content=\"2025-10-15T08:45:11+00:00\" \/>\n<meta property=\"og:image\" content=\"https:\/\/mobilkreis.de\/wp-content\/uploads\/2024\/06\/cropped-android-chrome-512x512-1.png\" \/>\n\t<meta property=\"og:image:width\" content=\"512\" \/>\n\t<meta property=\"og:image:height\" content=\"512\" \/>\n\t<meta property=\"og:image:type\" content=\"image\/png\" \/>\n<meta name=\"twitter:card\" content=\"summary_large_image\" \/>\n<meta name=\"twitter:label1\" content=\"Est. reading time\" \/>\n\t<meta name=\"twitter:data1\" content=\"1 minute\" \/>\n<script type=\"application\/ld+json\" class=\"yoast-schema-graph\">{\"@context\":\"https:\\\/\\\/schema.org\",\"@graph\":[{\"@type\":\"WebPage\",\"@id\":\"https:\\\/\\\/mobilkreis.de\\\/faq\\\/\",\"url\":\"https:\\\/\\\/mobilkreis.de\\\/faq\\\/\",\"name\":\"FAQ - mobilkreis.de\",\"isPartOf\":{\"@id\":\"https:\\\/\\\/mobilkreis.de\\\/#website\"},\"datePublished\":\"2024-04-23T06:32:31+00:00\",\"dateModified\":\"2025-10-15T08:45:11+00:00\",\"breadcrumb\":{\"@id\":\"https:\\\/\\\/mobilkreis.de\\\/faq\\\/#breadcrumb\"},\"inLanguage\":\"en-US\",\"potentialAction\":[{\"@type\":\"ReadAction\",\"target\":[\"https:\\\/\\\/mobilkreis.de\\\/faq\\\/\"]}]},{\"@type\":\"BreadcrumbList\",\"@id\":\"https:\\\/\\\/mobilkreis.de\\\/faq\\\/#breadcrumb\",\"itemListElement\":[{\"@type\":\"ListItem\",\"position\":1,\"name\":\"Startseite\",\"item\":\"https:\\\/\\\/mobilkreis.de\\\/\"},{\"@type\":\"ListItem\",\"position\":2,\"name\":\"FAQ\"}]},{\"@type\":\"WebSite\",\"@id\":\"https:\\\/\\\/mobilkreis.de\\\/#website\",\"url\":\"https:\\\/\\\/mobilkreis.de\\\/\",\"name\":\"mobilkreis.de\",\"description\":\"\",\"publisher\":{\"@id\":\"https:\\\/\\\/mobilkreis.de\\\/#organization\"},\"potentialAction\":[{\"@type\":\"SearchAction\",\"target\":{\"@type\":\"EntryPoint\",\"urlTemplate\":\"https:\\\/\\\/mobilkreis.de\\\/?s={search_term_string}\"},\"query-input\":{\"@type\":\"PropertyValueSpecification\",\"valueRequired\":true,\"valueName\":\"search_term_string\"}}],\"inLanguage\":\"en-US\"},{\"@type\":\"Organization\",\"@id\":\"https:\\\/\\\/mobilkreis.de\\\/#organization\",\"name\":\"mobilkreis.de\",\"url\":\"https:\\\/\\\/mobilkreis.de\\\/\",\"logo\":{\"@type\":\"ImageObject\",\"inLanguage\":\"en-US\",\"@id\":\"https:\\\/\\\/mobilkreis.de\\\/#\\\/schema\\\/logo\\\/image\\\/\",\"url\":\"https:\\\/\\\/mobilkreis.de\\\/wp-content\\\/uploads\\\/2024\\\/06\\\/cropped-android-chrome-512x512-1.png\",\"contentUrl\":\"https:\\\/\\\/mobilkreis.de\\\/wp-content\\\/uploads\\\/2024\\\/06\\\/cropped-android-chrome-512x512-1.png\",\"width\":512,\"height\":512,\"caption\":\"mobilkreis.de\"},\"image\":{\"@id\":\"https:\\\/\\\/mobilkreis.de\\\/#\\\/schema\\\/logo\\\/image\\\/\"}}]}<\/script>\n<!-- \/ Yoast SEO plugin. -->","yoast_head_json":{"title":"FAQ - mobilkreis.de","robots":{"index":"index","follow":"follow","max-snippet":"max-snippet:-1","max-image-preview":"max-image-preview:large","max-video-preview":"max-video-preview:-1"},"canonical":"https:\/\/mobilkreis.de\/en\/faq\/","og_locale":"en_US","og_type":"article","og_title":"FAQ - mobilkreis.de","og_description":"FAQ Diese Seite dient dazu, Ihnen einige Begriffe von MobilKreis n&auml;her zu bringen und um h&auml;ufig gestellte Fragen zu kl&auml;ren.&#x25b8;Was ist Kreislaufwirtschaft?Die Kreislaufwirtschaft ist ein System, in dem kein Abfall ... Read More","og_url":"https:\/\/mobilkreis.de\/en\/faq\/","og_site_name":"mobilkreis.de","article_modified_time":"2025-10-15T08:45:11+00:00","og_image":[{"width":512,"height":512,"url":"https:\/\/mobilkreis.de\/wp-content\/uploads\/2024\/06\/cropped-android-chrome-512x512-1.png","type":"image\/png"}],"twitter_card":"summary_large_image","twitter_misc":{"Est. reading time":"1 minute"},"schema":{"@context":"https:\/\/schema.org","@graph":[{"@type":"WebPage","@id":"https:\/\/mobilkreis.de\/faq\/","url":"https:\/\/mobilkreis.de\/faq\/","name":"FAQ - mobilkreis.de","isPartOf":{"@id":"https:\/\/mobilkreis.de\/#website"},"datePublished":"2024-04-23T06:32:31+00:00","dateModified":"2025-10-15T08:45:11+00:00","breadcrumb":{"@id":"https:\/\/mobilkreis.de\/faq\/#breadcrumb"},"inLanguage":"en-US","potentialAction":[{"@type":"ReadAction","target":["https:\/\/mobilkreis.de\/faq\/"]}]},{"@type":"BreadcrumbList","@id":"https:\/\/mobilkreis.de\/faq\/#breadcrumb","itemListElement":[{"@type":"ListItem","position":1,"name":"Startseite","item":"https:\/\/mobilkreis.de\/"},{"@type":"ListItem","position":2,"name":"FAQ"}]},{"@type":"WebSite","@id":"https:\/\/mobilkreis.de\/#website","url":"https:\/\/mobilkreis.de\/","name":"mobilkreis.de","description":"","publisher":{"@id":"https:\/\/mobilkreis.de\/#organization"},"potentialAction":[{"@type":"SearchAction","target":{"@type":"EntryPoint","urlTemplate":"https:\/\/mobilkreis.de\/?s={search_term_string}"},"query-input":{"@type":"PropertyValueSpecification","valueRequired":true,"valueName":"search_term_string"}}],"inLanguage":"en-US"},{"@type":"Organization","@id":"https:\/\/mobilkreis.de\/#organization","name":"mobilkreis.de","url":"https:\/\/mobilkreis.de\/","logo":{"@type":"ImageObject","inLanguage":"en-US","@id":"https:\/\/mobilkreis.de\/#\/schema\/logo\/image\/","url":"https:\/\/mobilkreis.de\/wp-content\/uploads\/2024\/06\/cropped-android-chrome-512x512-1.png","contentUrl":"https:\/\/mobilkreis.de\/wp-content\/uploads\/2024\/06\/cropped-android-chrome-512x512-1.png","width":512,"height":512,"caption":"mobilkreis.de"},"image":{"@id":"https:\/\/mobilkreis.de\/#\/schema\/logo\/image\/"}}]}},"_links":{"self":[{"href":"https:\/\/mobilkreis.de\/en\/wp-json\/wp\/v2\/pages\/89","targetHints":{"allow":["GET"]}}],"collection":[{"href":"https:\/\/mobilkreis.de\/en\/wp-json\/wp\/v2\/pages"}],"about":[{"href":"https:\/\/mobilkreis.de\/en\/wp-json\/wp\/v2\/types\/page"}],"author":[{"embeddable":true,"href":"https:\/\/mobilkreis.de\/en\/wp-json\/wp\/v2\/users\/1"}],"replies":[{"embeddable":true,"href":"https:\/\/mobilkreis.de\/en\/wp-json\/wp\/v2\/comments?post=89"}],"version-history":[{"count":9,"href":"https:\/\/mobilkreis.de\/en\/wp-json\/wp\/v2\/pages\/89\/revisions"}],"predecessor-version":[{"id":744,"href":"https:\/\/mobilkreis.de\/en\/wp-json\/wp\/v2\/pages\/89\/revisions\/744"}],"wp:attachment":[{"href":"https:\/\/mobilkreis.de\/en\/wp-json\/wp\/v2\/media?parent=89"}],"curies":[{"name":"wp","href":"https:\/\/api.w.org\/{rel}","templated":true}]}}